{"id":793,"date":"2022-05-16T11:25:20","date_gmt":"2022-05-16T11:25:20","guid":{"rendered":"https:\/\/smegreenskillshub.eu\/virtualcampus_es\/?page_id=793"},"modified":"2023-02-03T13:02:36","modified_gmt":"2023-02-03T13:02:36","slug":"online-instructional-guide","status":"publish","type":"page","link":"https:\/\/smegreenskillshub.eu\/virtualcampus_es\/online-instructional-guide\/","title":{"rendered":"GU\u00cdA DID\u00c1CTICA"},"content":{"rendered":"<p><span style=\"font-weight: 400;\">La <\/span><b>Gu\u00eda did\u00e1ctica sobre competencias digitales<\/b><span style=\"font-weight: 400;\"> para el Aprendizaje Virtual tiene como objetivo mejorar las habilidades digitales y facilitar la interacci\u00f3n dentro de los entornos de aprendizaje virtual por parte de los <\/span><b>profesores, formadores, consultores y mentores de Educaci\u00f3n y Formaci\u00f3n Profesional<\/b><span style=\"font-weight: 400;\">. Se trata de una gu\u00eda sencilla y f\u00e1cil de aplicar para cualquier persona que no tenga conocimientos previos sobre c\u00f3mo crear e impartir un curso de eLearning.<\/span><\/p>\n<p><span style=\"font-weight: 400;\">El eLearning aporta m\u00faltiples ventajas tanto a los alumnos como a los proveedores de formaci\u00f3n, como la flexibilidad de horarios y ubicaci\u00f3n, adaptada a los horarios de los alumnos y los profesores, as\u00ed como a las circunstancias personales y laborales. Adem\u00e1s, el aprendizaje digital puede ejecutarse a menor coste, no tiene casi l\u00edmites geogr\u00e1ficos, admite canales multiling\u00fces y el aprendizaje a ritmo propio.<\/span><\/p>\n<p><span style=\"font-weight: 400;\">Esta gu\u00eda describe un <strong>proceso de seis pasos<\/strong> para el dise\u00f1o, el desarrollo y la impartici\u00f3n de cursos de aprendizaje electr\u00f3nico (eLearning) con \u00e9xito<\/span><span style=\"font-weight: 400;\">:<\/span><\/p>\n<ol>\n<li style=\"font-weight: 400;\" aria-level=\"1\"><span style=\"font-weight: 400;\">Definir los objetivos y la estructura del curso<\/span><\/li>\n<li style=\"font-weight: 400;\" aria-level=\"1\"><span style=\"font-weight: 400;\">Definir los recursos necesarios<\/span><\/li>\n<li style=\"font-weight: 400;\" aria-level=\"1\"><span style=\"font-weight: 400;\">Desarrollar el contenido<\/span><\/li>\n<li style=\"font-weight: 400;\" aria-level=\"1\"><span style=\"font-weight: 400;\">A\u00f1adir evaluaciones y comprobaciones de conocimientos<\/span><\/li>\n<li style=\"font-weight: 400;\" aria-level=\"1\"><span style=\"font-weight: 400;\">Cargar el contenido del curso en la plataforma de eLearning<\/span><\/li>\n<li style=\"font-weight: 400;\" aria-level=\"1\"><span style=\"font-weight: 400;\">Entrega y evaluaci\u00f3n del curso<\/span><\/li>\n<\/ol>\n<p>&nbsp;<\/p>\n<a href=\"https:\/\/smegreenskillshub.eu\/virtualcampus_es\/wp-content\/uploads\/2023\/02\/SME-Green-Skills-HUB_IO2_Online_Instructional_Guide_ES.pdf\" class=\"pdfemb-viewer\" style=\"width: 750px; \" data-width=\"750\" data-height=\"max\"  data-toolbar=\"both\" data-toolbar-fixed=\"off\">SME-Green-Skills-HUB_IO2_Online_Instructional_Guide_ES<br\/><\/a>\n<p>&nbsp;<\/p>\n<p><a href=\"https:\/\/smegreenskillshub.eu\/virtualcampus_es\/wp-content\/uploads\/2023\/02\/SME-Green-Skills-HUB_IO2_Online_Instructional_Guide_ES.pdf\" target=\"_blank\" rel=\"noopener\"><span style=\"font-weight: 400;\">Descargar la gu\u00eda de did\u00e1ctica<\/span><\/a><\/p>\n<p>&nbsp;<\/p>\n<p>&nbsp;<\/p>\n","protected":false},"excerpt":{"rendered":"<p>La Gu\u00eda did\u00e1ctica sobre competencias digitales para el Aprendizaje Virtual tiene como objetivo mejorar las habilidades digitales y facilitar la interacci\u00f3n dentro de los entornos de aprendizaje virtual por parte &hellip; <\/p>\n","protected":false},"author":1,"featured_media":0,"parent":0,"menu_order":0,"comment_status":"closed","ping_status":"closed","template":"","meta":[],"acf":[],"_links":{"self":[{"href":"https:\/\/smegreenskillshub.eu\/virtualcampus_es\/wp-json\/wp\/v2\/pages\/793"}],"collection":[{"href":"https:\/\/smegreenskillshub.eu\/virtualcampus_es\/wp-json\/wp\/v2\/pages"}],"about":[{"href":"https:\/\/smegreenskillshub.eu\/virtualcampus_es\/wp-json\/wp\/v2\/types\/page"}],"author":[{"embeddable":true,"href":"https:\/\/smegreenskillshub.eu\/virtualcampus_es\/wp-json\/wp\/v2\/users\/1"}],"replies":[{"embeddable":true,"href":"https:\/\/smegreenskillshub.eu\/virtualcampus_es\/wp-json\/wp\/v2\/comments?post=793"}],"version-history":[{"count":14,"href":"https:\/\/smegreenskillshub.eu\/virtualcampus_es\/wp-json\/wp\/v2\/pages\/793\/revisions"}],"predecessor-version":[{"id":1697,"href":"https:\/\/smegreenskillshub.eu\/virtualcampus_es\/wp-json\/wp\/v2\/pages\/793\/revisions\/1697"}],"wp:attachment":[{"href":"https:\/\/smegreenskillshub.eu\/virtualcampus_es\/wp-json\/wp\/v2\/media?parent=793"}],"curies":[{"name":"wp","href":"https:\/\/api.w.org\/{rel}","templated":true}]}}