{"id":795,"date":"2022-05-16T11:26:52","date_gmt":"2022-05-16T11:26:52","guid":{"rendered":"https:\/\/smegreenskillshub.eu\/virtualcampus_es\/?page_id=795"},"modified":"2023-02-04T02:34:19","modified_gmt":"2023-02-04T02:34:19","slug":"training-modules","status":"publish","type":"page","link":"https:\/\/smegreenskillshub.eu\/virtualcampus_es\/training-modules\/","title":{"rendered":"M\u00d3DULOS DE FORMACI\u00d3N"},"content":{"rendered":"<p><span style=\"font-weight: 400;\">Los <\/span><b>M\u00f3dulos de Formaci\u00f3n de SME Green Skills HUB<\/b><span style=\"font-weight: 400;\"> para pymes han sido dise\u00f1ados como una herramienta pedag\u00f3gica dirigida a los proveedores de educaci\u00f3n para facilitar el desarrollo de actividades de formaci\u00f3n sobre la implementaci\u00f3n de los ODS en las peque\u00f1as empresas. Se dirige espec\u00edficamente a los profesores, formadores, consultores y mentores de EFP. Esto ayudar\u00e1 a capacitar a estos profesionales para apoyar al personal de las pymes en la implementaci\u00f3n de los ODS en sus empresas.<\/span><\/p>\n<p><span style=\"font-weight: 400;\">Los M\u00f3dulos de Formaci\u00f3n incluyen<\/span><span style=\"font-weight: 400;\">:<\/span><\/p>\n<ul>\n<li><b>Contenidos de la formaci\u00f3n<\/b><br \/>\nUna propuesta de un programa de curso que incluye una sugerencia de contenidos, metodolog\u00eda propuesta, referencias, instrucciones para la evaluaci\u00f3n y consejos para formadores, consultores y educadores.<\/li>\n<li><b>Actividades pr\u00e1cticas<\/b><br \/>\n<span style=\"font-weight: 400;\">Una colecci\u00f3n de actividades pr\u00e1cticas presenciales sobre el apoyo a la implementaci\u00f3n de los ODS en las pymes para ser aplicadas con directivos y personal de las PYMES.<\/span><\/li>\n<\/ul>\n<p><span style=\"font-weight: 400;\">La informaci\u00f3n proporcionada en este documento est\u00e1 estructurada siguiendo las seis unidades de resultados de aprendizaje identificadas en el Marco Europeo de Competencias:<\/span><\/p>\n<ul>\n<li><span style=\"text-decoration: underline;\"><span style=\"font-weight: 400;\">Unidad 1: Introducci\u00f3n a los ODS en la empresa<\/span><\/span><br \/>\nOfrecer una comprensi\u00f3n global de los ODS y ampliar su relevancia para las empresas, estableciendo los antecedentes necesarios para el desarrollo de las siguientes unidades.<\/li>\n<li><span style=\"text-decoration: underline;\"><span style=\"font-weight: 400;\">Unidad 2: Comprender el papel de las competencias ecol\u00f3gicas en las pymes<\/span><\/span><br \/>\nApoyar a los profesionales y consultores de EFP en el reconocimiento de las competencias verdes y los nuevos modelos de negocio relacionados con ellas, previendo su relevancia para la implementaci\u00f3n de los ODS en las pymes.<\/li>\n<li><span style=\"text-decoration: underline;\"><span style=\"font-weight: 400;\">Unidad 3: Definir las prioridades de sostenibilidad<\/span><\/span><br \/>\nApoyar a los profesionales y consultores de EFP en la identificaci\u00f3n de las necesidades y oportunidades empresariales en el marco de los ODS.<\/li>\n<li><span style=\"text-decoration: underline;\"><span style=\"font-weight: 400;\">Unidad 4: Dise\u00f1o de estrategias y planes de acci\u00f3n en materia de sostenibilidad<\/span><\/span><br \/>\nApoyar a los profesionales y consultores de EFP en la transformaci\u00f3n de las prioridades de sostenibilidad en estrategias y acciones concretas dentro de un entorno empresarial.<\/li>\n<li><span style=\"text-decoration: underline;\"><span style=\"font-weight: 400;\">Unidad 5: Aplicaci\u00f3n del ciclo PHCA (PDCA en ingl\u00e9s)<\/span><\/span><br \/>\nApoyar a los profesionales y consultores de EFP en la aplicaci\u00f3n de un modelo de ciclo planificar-hacer-comprobar-actuar para apoyar la implementaci\u00f3n y el seguimiento del plan de acci\u00f3n estrat\u00e9gico de sostenibilidad.<\/li>\n<li><span style=\"text-decoration: underline;\"><span style=\"font-weight: 400;\">Unidad 6: Alcance de los logros en materia de sostenibilidad<\/span><\/span><br \/>\nApoyar a los profesionales y consultores de EFP en la presentaci\u00f3n de informes y la difusi\u00f3n de las iniciativas de sostenibilidad implementadas y el impacto medido correspondiente.<\/li>\n<\/ul>\n<p>&nbsp;<\/p>\n<a href=\"https:\/\/smegreenskillshub.eu\/virtualcampus_es\/wp-content\/uploads\/2023\/02\/SME-GS-HUB_IO2_Training_Modules_ES.pdf\" class=\"pdfemb-viewer\" style=\"width: 750px; \" data-width=\"750\" data-height=\"max\"  data-toolbar=\"both\" data-toolbar-fixed=\"off\">SME-GS-HUB_IO2_Training_Modules_ES<br\/><\/a>\n<p>&nbsp;<\/p>\n<p><a href=\"https:\/\/smegreenskillshub.eu\/virtualcampus_es\/wp-content\/uploads\/2023\/02\/SME-GS-HUB_IO2_Training_Modules_ES.pdf\" target=\"_blank\" rel=\"noopener\"><span style=\"font-weight: 400;\">Descargar los M\u00f3dulos de Formaci\u00f3n<\/span><\/a><\/p>\n<p>&nbsp;<\/p>\n<p>&nbsp;<\/p>\n","protected":false},"excerpt":{"rendered":"<p>Los M\u00f3dulos de Formaci\u00f3n de SME Green Skills HUB para pymes han sido dise\u00f1ados como una herramienta pedag\u00f3gica dirigida a los proveedores de educaci\u00f3n para facilitar el desarrollo de actividades &hellip; <\/p>\n","protected":false},"author":1,"featured_media":0,"parent":0,"menu_order":0,"comment_status":"closed","ping_status":"closed","template":"","meta":[],"acf":[],"_links":{"self":[{"href":"https:\/\/smegreenskillshub.eu\/virtualcampus_es\/wp-json\/wp\/v2\/pages\/795"}],"collection":[{"href":"https:\/\/smegreenskillshub.eu\/virtualcampus_es\/wp-json\/wp\/v2\/pages"}],"about":[{"href":"https:\/\/smegreenskillshub.eu\/virtualcampus_es\/wp-json\/wp\/v2\/types\/page"}],"author":[{"embeddable":true,"href":"https:\/\/smegreenskillshub.eu\/virtualcampus_es\/wp-json\/wp\/v2\/users\/1"}],"replies":[{"embeddable":true,"href":"https:\/\/smegreenskillshub.eu\/virtualcampus_es\/wp-json\/wp\/v2\/comments?post=795"}],"version-history":[{"count":15,"href":"https:\/\/smegreenskillshub.eu\/virtualcampus_es\/wp-json\/wp\/v2\/pages\/795\/revisions"}],"predecessor-version":[{"id":1699,"href":"https:\/\/smegreenskillshub.eu\/virtualcampus_es\/wp-json\/wp\/v2\/pages\/795\/revisions\/1699"}],"wp:attachment":[{"href":"https:\/\/smegreenskillshub.eu\/virtualcampus_es\/wp-json\/wp\/v2\/media?parent=795"}],"curies":[{"name":"wp","href":"https:\/\/api.w.org\/{rel}","templated":true}]}}