{"id":793,"date":"2022-05-16T11:25:20","date_gmt":"2022-05-16T11:25:20","guid":{"rendered":"https:\/\/smegreenskillshub.eu\/virtualcampus_it\/?page_id=793"},"modified":"2023-10-27T21:54:20","modified_gmt":"2023-10-27T21:54:20","slug":"online-instructional-guide","status":"publish","type":"page","link":"https:\/\/smegreenskillshub.eu\/virtualcampus_it\/online-instructional-guide\/","title":{"rendered":"Guida Didattica"},"content":{"rendered":"<p><span style=\"font-weight: 400;\">La <\/span><b>guida didattica online sulle competenze digitali per l&#8217;apprendimento virtuale<\/b><span style=\"font-weight: 400;\"> mira a migliorare le competenze digitali e facilitare l&#8217;interazione all&#8217;interno di ambienti di apprendimento virtuali da parte di <\/span><b>insegnanti, formatori, consulenti e mentori VET<\/b><span style=\"font-weight: 400;\">. \u00c8 una guida semplice e facile da applicare per chiunque non abbia conoscenze pregresse su come creare ed erogare un corso di formazione online (e-Learning).<\/span><\/p>\n<p><span style=\"font-weight: 400;\">\u00a0<\/span><span style=\"font-weight: 400;\">L&#8217; e-Learning offre molteplici vantaggi sia agli studenti che ai formatori, come la flessibilit\u00e0 negli orari e nei luoghi, adattati agli impegni di studenti, dipendenti, insegnanti, etc., nonch\u00e9 alle circostanze personali e lavorative. Inoltre, l&#8217;apprendimento digitale pu\u00f2 essere eseguito a un costo inferiore, non ha quasi limiti geografici, supporta canali multilingue e apprendimento personalizzato\/autonomo.<\/span><\/p>\n<p><span style=\"font-weight: 400;\">\u00a0<\/span><span style=\"font-weight: 400;\">Questa guida descrive un <strong>processo in sei fasi<\/strong> per la progettazione, lo sviluppo e l&#8217;erogazione di un corso e-learning di successo<\/span>:<\/p>\n<ol>\n<li style=\"font-weight: 400;\" aria-level=\"1\"><span style=\"font-weight: 400;\">Definizione degli obiettivi e della struttura del corso<\/span><\/li>\n<li><span style=\"font-weight: 400;\">Definizione delle risorse necessarie<\/span><\/li>\n<li><span style=\"font-weight: 400;\">Sviluppo dei contenuti<\/span><\/li>\n<li><span style=\"font-weight: 400;\">Aggiunta di valutazioni e verifiche delle conoscenze<\/span><\/li>\n<li><span style=\"font-weight: 400;\">Caricamento del contenuto del corso sulla piattaforma e-Learning<\/span><\/li>\n<li><span style=\"font-weight: 400;\">Consegna e valutazione del corso<\/span><\/li>\n<\/ol>\n<p>&nbsp;<\/p>\n<a href=\"https:\/\/smegreenskillshub.eu\/virtualcampus_it\/wp-content\/uploads\/2023\/02\/SME-Green-Skills-HUB_IO2_Online_Instructional_Guide_IT.pdf\" class=\"pdfemb-viewer\" style=\"width: 750px; \" data-width=\"750\" data-height=\"max\"  data-toolbar=\"both\" data-toolbar-fixed=\"off\">SME-Green-Skills-HUB_IO2_Online_Instructional_Guide_IT<br\/><\/a>\n<p>&nbsp;<\/p>\n<p><a href=\"https:\/\/smegreenskillshub.eu\/virtualcampus_it\/wp-content\/uploads\/2023\/02\/SME-Green-Skills-HUB_IO2_Online_Instructional_Guide_IT.pdf\" target=\"_blank\" rel=\"noopener\"><span style=\"font-weight: 400;\">Scaricare la guida didattica<\/span><\/a><\/p>\n<p>&nbsp;<\/p>\n","protected":false},"excerpt":{"rendered":"<p>La guida didattica online sulle competenze digitali per l&#8217;apprendimento virtuale mira a migliorare le competenze digitali e facilitare l&#8217;interazione all&#8217;interno di ambienti di apprendimento virtuali da parte di insegnanti, formatori, &hellip; <\/p>\n","protected":false},"author":1,"featured_media":0,"parent":0,"menu_order":0,"comment_status":"closed","ping_status":"closed","template":"","meta":[],"acf":[],"_links":{"self":[{"href":"https:\/\/smegreenskillshub.eu\/virtualcampus_it\/wp-json\/wp\/v2\/pages\/793"}],"collection":[{"href":"https:\/\/smegreenskillshub.eu\/virtualcampus_it\/wp-json\/wp\/v2\/pages"}],"about":[{"href":"https:\/\/smegreenskillshub.eu\/virtualcampus_it\/wp-json\/wp\/v2\/types\/page"}],"author":[{"embeddable":true,"href":"https:\/\/smegreenskillshub.eu\/virtualcampus_it\/wp-json\/wp\/v2\/users\/1"}],"replies":[{"embeddable":true,"href":"https:\/\/smegreenskillshub.eu\/virtualcampus_it\/wp-json\/wp\/v2\/comments?post=793"}],"version-history":[{"count":14,"href":"https:\/\/smegreenskillshub.eu\/virtualcampus_it\/wp-json\/wp\/v2\/pages\/793\/revisions"}],"predecessor-version":[{"id":2208,"href":"https:\/\/smegreenskillshub.eu\/virtualcampus_it\/wp-json\/wp\/v2\/pages\/793\/revisions\/2208"}],"wp:attachment":[{"href":"https:\/\/smegreenskillshub.eu\/virtualcampus_it\/wp-json\/wp\/v2\/media?parent=793"}],"curies":[{"name":"wp","href":"https:\/\/api.w.org\/{rel}","templated":true}]}}