{"id":795,"date":"2022-05-16T11:26:52","date_gmt":"2022-05-16T11:26:52","guid":{"rendered":"https:\/\/smegreenskillshub.eu\/virtualcampus_it\/?page_id=795"},"modified":"2023-10-27T21:54:07","modified_gmt":"2023-10-27T21:54:07","slug":"training-modules","status":"publish","type":"page","link":"https:\/\/smegreenskillshub.eu\/virtualcampus_it\/training-modules\/","title":{"rendered":"Moduli Formativi"},"content":{"rendered":"<p><span style=\"font-weight: 400;\">I <\/span><b>moduli formativi di SME Green Skills HUB<\/b><span style=\"font-weight: 400;\"> sono stati concepiti come uno strumento pedagogico rivolto ai fornitori di formazione per facilitare lo sviluppo di attivit\u00e0 di formazione sull&#8217;attuazione degli OSS nelle PMI. Si rivolgono nello specifico a insegnanti, formatori, consulenti e mentori del mondo VET. Tali moduli contribuiscono a migliorare le competenze di questi professionisti nel supportare il personale delle PMI ad attuare gli OSS all\u2019interno delle loro imprese.<\/span><\/p>\n<p><span style=\"font-weight: 400;\">I Moduli Formativi includono<\/span>:<\/p>\n<ul>\n<li><strong><b>Contenuti formativi<\/b><\/strong><br \/>\n<span style=\"font-weight: 400;\">Viene proposto un piano del corso che include suggerimenti legati a contenuti, metodologia usata, riferimenti, istruzioni per la valutazione e consigli per formatori, consulenti ed educatori<\/span>.<\/li>\n<li><strong><b>Attivit\u00e0 pratiche<\/b><\/strong><br \/>\n<span style=\"font-weight: 400;\">Un insieme di attivit\u00e0 pratiche sul sostegno all&#8217;attuazione degli OSS nelle PMI, da applicare con dirigenti e personale delle PMI.<\/span><\/li>\n<\/ul>\n<p><span style=\"font-weight: 400;\">Le informazioni fornite nei moduli formativi sono strutturate seguendo sei unit\u00e0 per i risultati di apprendimento individuate nel Quadro Europeo delle Competenze:<\/span><\/p>\n<ul>\n<li><span style=\"text-decoration: underline;\"><span style=\"font-weight: 400;\">Unit\u00e0 1: Introduzione agli OSS (SDGs) in un business<\/span><\/span><br \/>\n<span style=\"font-weight: 400;\">Offre un quadro completo di cosa e quali sono gli OSS e amplia la loro rilevanza per il business di un\u2019impresa, creando la base per lo sviluppo delle 5 unit\u00e0 successive<\/span>.<\/li>\n<li><span style=\"text-decoration: underline;\"><span style=\"font-weight: 400;\">Unit\u00e0 2: Comprendere il ruolo delle competenze ecologiche\/verdi nelle PMI<\/span><\/span><br \/>\n<span style=\"font-weight: 400;\">Supporta i professionisti e i consulenti del mondo VET nel riconoscimento delle competenze verdi e dei nuovi modelli di business ad esse correlati, prevedendone la rilevanza per l&#8217;attuazione degli OSS nelle PMI<\/span>.<\/li>\n<li><span style=\"text-decoration: underline;\"><span style=\"font-weight: 400;\">Unit\u00e0 3: Definire priorit\u00e0 di sostenibilit\u00e0<\/span><\/span><br \/>\n<span style=\"font-weight: 400;\">Supporta i professionisti e i consulenti VET nell&#8217;identificare le esigenze e le opportunit\u00e0 aziendali nell\u2019ambito degli OSS<\/span>.<\/li>\n<li><span style=\"text-decoration: underline;\"><span style=\"font-weight: 400;\">Unit\u00e0 4: Design di strategie per la sostenibilit\u00e0 e piani d&#8217;azione<\/span><\/span><br \/>\n<span style=\"font-weight: 400;\">Supporta professionisti e consulenti VET nel trasformare le priorit\u00e0 di sostenibilit\u00e0 in strategie e azioni concrete all&#8217;interno di un contesto aziendale<\/span>.<\/li>\n<li><span style=\"text-decoration: underline;\"><span style=\"font-weight: 400;\">Unit\u00e0 5: Applicazione del ciclo PDCA (Plan-Do-Check-Act)<\/span><\/span><br \/>\n<span style=\"font-weight: 400;\">Supporta professionisti e consulenti VET nell&#8217;applicazione del ciclo plan-do-check-act per supportare l&#8217;implementazione e il monitoraggio di un piano d&#8217;azione strategico per la sostenibilit\u00e0<\/span>.<\/li>\n<li><span style=\"text-decoration: underline;\"><span style=\"font-weight: 400;\">Unit\u00e0 6: Come raggiungere i risultati di sostenibilit\u00e0<\/span><\/span><br \/>\n<span style=\"font-weight: 400;\">Supporta i professionisti e i consulenti VET nella rendicontazione e diffusione delle iniziative implementate in materia di sostenibilit\u00e0 e della misurazione degli impatti ad esse collegate<\/span>.<\/li>\n<\/ul>\n<p>&nbsp;<\/p>\n<a href=\"https:\/\/smegreenskillshub.eu\/virtualcampus_it\/wp-content\/uploads\/2023\/03\/SME-GS-HUB_IO2_Training_Modules_ITA.pdf\" class=\"pdfemb-viewer\" style=\"width: 750px; \" data-width=\"750\" data-height=\"max\"  data-toolbar=\"both\" data-toolbar-fixed=\"off\">SME-GS-HUB_IO2_Training_Modules_ITA<br\/><\/a>\n<p>&nbsp;<\/p>\n<p><a href=\"https:\/\/smegreenskillshub.eu\/virtualcampus_it\/wp-content\/uploads\/2023\/03\/SME-GS-HUB_IO2_Training_Modules_ITA.pdf\" target=\"_blank\" rel=\"noopener\"><span style=\"font-weight: 400;\">Scaricare i Moduli Formativi<\/span><\/a><\/p>\n<p>&nbsp;<\/p>\n","protected":false},"excerpt":{"rendered":"<p>I moduli formativi di SME Green Skills HUB sono stati concepiti come uno strumento pedagogico rivolto ai fornitori di formazione per facilitare lo sviluppo di attivit\u00e0 di formazione sull&#8217;attuazione degli &hellip; <\/p>\n","protected":false},"author":1,"featured_media":0,"parent":0,"menu_order":0,"comment_status":"closed","ping_status":"closed","template":"","meta":[],"acf":[],"_links":{"self":[{"href":"https:\/\/smegreenskillshub.eu\/virtualcampus_it\/wp-json\/wp\/v2\/pages\/795"}],"collection":[{"href":"https:\/\/smegreenskillshub.eu\/virtualcampus_it\/wp-json\/wp\/v2\/pages"}],"about":[{"href":"https:\/\/smegreenskillshub.eu\/virtualcampus_it\/wp-json\/wp\/v2\/types\/page"}],"author":[{"embeddable":true,"href":"https:\/\/smegreenskillshub.eu\/virtualcampus_it\/wp-json\/wp\/v2\/users\/1"}],"replies":[{"embeddable":true,"href":"https:\/\/smegreenskillshub.eu\/virtualcampus_it\/wp-json\/wp\/v2\/comments?post=795"}],"version-history":[{"count":18,"href":"https:\/\/smegreenskillshub.eu\/virtualcampus_it\/wp-json\/wp\/v2\/pages\/795\/revisions"}],"predecessor-version":[{"id":2207,"href":"https:\/\/smegreenskillshub.eu\/virtualcampus_it\/wp-json\/wp\/v2\/pages\/795\/revisions\/2207"}],"wp:attachment":[{"href":"https:\/\/smegreenskillshub.eu\/virtualcampus_it\/wp-json\/wp\/v2\/media?parent=795"}],"curies":[{"name":"wp","href":"https:\/\/api.w.org\/{rel}","templated":true}]}}