{"id":1960,"date":"2023-10-27T22:02:04","date_gmt":"2023-10-27T22:02:04","guid":{"rendered":"https:\/\/smegreenskillshub.eu\/virtualcampus_pt\/?page_id=1960"},"modified":"2023-10-27T22:27:25","modified_gmt":"2023-10-27T22:27:25","slug":"manual-de-gamificacao","status":"publish","type":"page","link":"https:\/\/smegreenskillshub.eu\/virtualcampus_pt\/manual-de-gamificacao\/","title":{"rendered":"Manual de Gamifica\u00e7\u00e3o"},"content":{"rendered":"<p>O <strong>Manual de gamifica\u00e7\u00e3o<\/strong> para implementar os ODS nas PME foi concebido como um guia pr\u00e1tico que disponibiliza ideias, dicas, exemplos e boas pr\u00e1ticas sobre as vantagens de aplicar a gamifica\u00e7\u00e3o no EFP como uma abordagem eficaz face aos desafios globais de sustentabilidade, enquanto aperfei\u00e7oa as compet\u00eancias dos trabalhadores das PME.<\/p>\n<p>O manual est\u00e1 estruturado da seguinte forma:<\/p>\n<ol>\n<li>A gamifica\u00e7\u00e3o no EFP<\/li>\n<li>Aplicar a gamifica\u00e7\u00e3o para implementar os ODS nas PME atrav\u00e9s do EFP<\/li>\n<li>Gamificar a forma\u00e7\u00e3o dos colaboradores em contexto de trabalho<\/li>\n<li>A gamifica\u00e7\u00e3o nos materiais formativos do SME Green Skills HUB<\/li>\n<li>Boas pr\u00e1ticas<\/li>\n<\/ol>\n<p>&nbsp;<\/p>\n<a href=\"https:\/\/smegreenskillshub.eu\/virtualcampus_pt\/wp-content\/uploads\/2023\/10\/SME-GS-HUB_IO2_Gamification_Handbook_EN.pdf\" class=\"pdfemb-viewer\" style=\"width: 750px; \" data-width=\"750\" data-height=\"max\"  data-toolbar=\"both\" data-toolbar-fixed=\"off\">SME-GS-HUB_IO2_Gamification_Handbook_EN<br\/><\/a>\n<p>&nbsp;<\/p>\n<p><a href=\"https:\/\/smegreenskillshub.eu\/virtualcampus_pt\/wp-content\/uploads\/2023\/10\/SME-GS-HUB_IO2_Gamification_Handbook_EN.pdf\" target=\"_blank\" rel=\"noopener\">Descarregue o Manual de gamifica\u00e7\u00e3o<\/a><\/p>\n","protected":false},"excerpt":{"rendered":"<p>O Manual de gamifica\u00e7\u00e3o para implementar os ODS nas PME foi concebido como um guia pr\u00e1tico que disponibiliza ideias, dicas, exemplos e boas pr\u00e1ticas sobre as vantagens de aplicar a &hellip; <\/p>\n","protected":false},"author":1,"featured_media":0,"parent":0,"menu_order":0,"comment_status":"closed","ping_status":"closed","template":"","meta":[],"acf":[],"_links":{"self":[{"href":"https:\/\/smegreenskillshub.eu\/virtualcampus_pt\/wp-json\/wp\/v2\/pages\/1960"}],"collection":[{"href":"https:\/\/smegreenskillshub.eu\/virtualcampus_pt\/wp-json\/wp\/v2\/pages"}],"about":[{"href":"https:\/\/smegreenskillshub.eu\/virtualcampus_pt\/wp-json\/wp\/v2\/types\/page"}],"author":[{"embeddable":true,"href":"https:\/\/smegreenskillshub.eu\/virtualcampus_pt\/wp-json\/wp\/v2\/users\/1"}],"replies":[{"embeddable":true,"href":"https:\/\/smegreenskillshub.eu\/virtualcampus_pt\/wp-json\/wp\/v2\/comments?post=1960"}],"version-history":[{"count":4,"href":"https:\/\/smegreenskillshub.eu\/virtualcampus_pt\/wp-json\/wp\/v2\/pages\/1960\/revisions"}],"predecessor-version":[{"id":1973,"href":"https:\/\/smegreenskillshub.eu\/virtualcampus_pt\/wp-json\/wp\/v2\/pages\/1960\/revisions\/1973"}],"wp:attachment":[{"href":"https:\/\/smegreenskillshub.eu\/virtualcampus_pt\/wp-json\/wp\/v2\/media?parent=1960"}],"curies":[{"name":"wp","href":"https:\/\/api.w.org\/{rel}","templated":true}]}}