{"id":793,"date":"2022-05-16T11:25:20","date_gmt":"2022-05-16T11:25:20","guid":{"rendered":"https:\/\/smegreenskillshub.eu\/virtualcampus_pt\/?page_id=793"},"modified":"2023-10-27T22:04:51","modified_gmt":"2023-10-27T22:04:51","slug":"online-instructional-guide","status":"publish","type":"page","link":"https:\/\/smegreenskillshub.eu\/virtualcampus_pt\/online-instructional-guide\/","title":{"rendered":"Guia Online"},"content":{"rendered":"<p>O <strong>guia online sobre compet\u00eancias digitais para aprendizagem virtual<\/strong> visa melhorar as compet\u00eancias digitais e facilitar a intera\u00e7\u00e3o em ambientes de aprendizagem virtual aos <strong>formadores, consultores e mentores do Ensino e Forma\u00e7\u00e3o Profissional<\/strong>. \u00c9 um guia simples e de f\u00e1cil utiliza\u00e7\u00e3o para quem n\u00e3o tenha conhecimentos pr\u00e9vios sobre como criar e lecionar um curso de <em>e-learning<\/em>.<\/p>\n<p>O <em>e-learning<\/em> tem m\u00faltiplas vantagens, como a flexibilidade de hor\u00e1rios e de localiza\u00e7\u00e3o adaptados \u00e0s agendas dos formandos e dos formadores, bem como \u00e0s suas circunst\u00e2ncias pessoais e laborais. Al\u00e9m disso, a aprendizagem digital pode ser feita a um custo reduzido, n\u00e3o tem praticamente limita\u00e7\u00f5es geogr\u00e1ficas, permite a comunica\u00e7\u00e3o multilingue e a aprendizagem a ritmo pr\u00f3prio.<\/p>\n<p>Este guia descreve um <strong>processo de seis etapas<\/strong> para a conce\u00e7\u00e3o, desenvolvimento e aplica\u00e7\u00e3o de cursos virtuais de sucesso<span style=\"font-weight: 400;\">:<\/span><\/p>\n<ol>\n<li style=\"font-weight: 400;\" aria-level=\"1\">definir os objetivos e a estrutura do curso;<\/li>\n<li>definir os recursos necess\u00e1rios;<\/li>\n<li>desenvolver os conte\u00fados;<\/li>\n<li>adicionar momentos de avalia\u00e7\u00e3o e de verifica\u00e7\u00e3o de conhecimentos;<\/li>\n<li>carregar os conte\u00fados para a plataforma de <em>e-learning<\/em> do curso;<\/li>\n<li>aplicar e avaliar o curso.<\/li>\n<\/ol>\n<p>&nbsp;<\/p>\n<a href=\"https:\/\/smegreenskillshub.eu\/virtualcampus_pt\/wp-content\/uploads\/2023\/02\/SME-Green-Skills-HUB_O2_Online_Instructional_Guide_PT.pdf\" class=\"pdfemb-viewer\" style=\"width: 750px; \" data-width=\"750\" data-height=\"max\"  data-toolbar=\"both\" data-toolbar-fixed=\"off\">SME-Green-Skills-HUB_O2_Online_Instructional_Guide_PT<br\/><\/a>\n<p>&nbsp;<\/p>\n<p><a href=\"https:\/\/smegreenskillshub.eu\/virtualcampus_pt\/wp-content\/uploads\/2023\/02\/SME-Green-Skills-HUB_O2_Online_Instructional_Guide_PT.pdf\" target=\"_blank\" rel=\"noopener\">Fazer o<em> download<\/em> do guia online<\/a><\/p>\n<p>&nbsp;<\/p>\n<p>&nbsp;<\/p>\n","protected":false},"excerpt":{"rendered":"<p>O guia online sobre compet\u00eancias digitais para aprendizagem virtual visa melhorar as compet\u00eancias digitais e facilitar a intera\u00e7\u00e3o em ambientes de aprendizagem virtual aos formadores, consultores e mentores do Ensino &hellip; <\/p>\n","protected":false},"author":1,"featured_media":0,"parent":0,"menu_order":0,"comment_status":"closed","ping_status":"closed","template":"","meta":[],"acf":[],"_links":{"self":[{"href":"https:\/\/smegreenskillshub.eu\/virtualcampus_pt\/wp-json\/wp\/v2\/pages\/793"}],"collection":[{"href":"https:\/\/smegreenskillshub.eu\/virtualcampus_pt\/wp-json\/wp\/v2\/pages"}],"about":[{"href":"https:\/\/smegreenskillshub.eu\/virtualcampus_pt\/wp-json\/wp\/v2\/types\/page"}],"author":[{"embeddable":true,"href":"https:\/\/smegreenskillshub.eu\/virtualcampus_pt\/wp-json\/wp\/v2\/users\/1"}],"replies":[{"embeddable":true,"href":"https:\/\/smegreenskillshub.eu\/virtualcampus_pt\/wp-json\/wp\/v2\/comments?post=793"}],"version-history":[{"count":15,"href":"https:\/\/smegreenskillshub.eu\/virtualcampus_pt\/wp-json\/wp\/v2\/pages\/793\/revisions"}],"predecessor-version":[{"id":1967,"href":"https:\/\/smegreenskillshub.eu\/virtualcampus_pt\/wp-json\/wp\/v2\/pages\/793\/revisions\/1967"}],"wp:attachment":[{"href":"https:\/\/smegreenskillshub.eu\/virtualcampus_pt\/wp-json\/wp\/v2\/media?parent=793"}],"curies":[{"name":"wp","href":"https:\/\/api.w.org\/{rel}","templated":true}]}}