{"id":795,"date":"2022-05-16T11:26:52","date_gmt":"2022-05-16T11:26:52","guid":{"rendered":"https:\/\/smegreenskillshub.eu\/virtualcampus_pt\/?page_id=795"},"modified":"2023-10-27T22:04:39","modified_gmt":"2023-10-27T22:04:39","slug":"training-modules","status":"publish","type":"page","link":"https:\/\/smegreenskillshub.eu\/virtualcampus_pt\/training-modules\/","title":{"rendered":"M\u00f3dulos Formativos"},"content":{"rendered":"<p>Os m\u00f3dulos formativos do <strong>SME Green Skills HUB<\/strong> foram concebidos como ferramenta did\u00e1tica que visa facilitar aos formadores o desenvolvimento de atividades de forma\u00e7\u00e3o sobre a implementa\u00e7\u00e3o dos ODS nas PME. Destinam-se especificamente a formadores, consultores e mentores de EFP e ir\u00e3o ajudar a melhorar a qualifica\u00e7\u00e3o destes profissionais no apoio aos colaboradores das PME que pretendam implementar os ODS nas suas empresas.<\/p>\n<p><span style=\"font-weight: 400;\">Os m\u00f3dulos formativos incluem:<\/span><\/p>\n<ul>\n<li><strong>Conte\u00fados<\/strong><br \/>\nUma proposta de planifica\u00e7\u00e3o do curso, incluindo sugest\u00e3o de conte\u00fados, de metodologia, refer\u00eancias, instru\u00e7\u00f5es para a avalia\u00e7\u00e3o e dicas para os formadores.<\/li>\n<li><strong>Atividades pr\u00e1ticas<\/strong><br \/>\n<span style=\"font-weight: 400;\">Um conjunto de atividades pr\u00e1ticas presenciais de apoio \u00e0 implementa\u00e7\u00e3o dos ODS nas PME a ser aplicado a gestores e colaboradores das PME.<\/span><\/li>\n<\/ul>\n<p><span style=\"font-weight: 400;\">A informa\u00e7\u00e3o fornecida neste documento est\u00e1 estruturada seguindo as seis unidades de compet\u00eancia identificadas no referencial de compet\u00eancias:<\/span><\/p>\n<ul>\n<li><span style=\"text-decoration: underline;\"><u>Unidade 1: introdu\u00e7\u00e3o aos ODS nas PME<\/u><\/span><br \/>\nOferecer uma perspetiva abrangente dos ODS e evidenciar a sua relev\u00e2ncia para as empresas, estabelecendo as bases para desenvolver as unidades seguintes.<\/li>\n<li><u>Unidade 2: compreens\u00e3o do papel das compet\u00eancias verdes nas PME<\/u><br \/>\nApoiar os formadores do EFP a reconhecer compet\u00eancias verdes e modelos de neg\u00f3cio relacionados com as mesmas, prevendo a sua relev\u00e2ncia na implementa\u00e7\u00e3o dos ODS nas PME.<\/li>\n<li><u>Unidade 3: defini\u00e7\u00e3o das prioridades de sustentabilidade<\/u><br \/>\nAjudar os formadores do EFP a identificar necessidades e oportunidades de neg\u00f3cio no \u00e2mbito dos ODS.<\/li>\n<li><u>Unidade 4: elabora\u00e7\u00e3o de estrat\u00e9gias e de planos de a\u00e7\u00e3o de sustentabilidade<\/u><br \/>\nAuxiliar os formadores do EFP na transforma\u00e7\u00e3o das prioridades de sustentabilidade em a\u00e7\u00f5es e estrat\u00e9gias concretas no contexto empresarial.<\/li>\n<li><u>Unidade 5: aplica\u00e7\u00e3o do ciclo PDCA<\/u><br \/>\nDar apoio aos profissionais do EFP na aplica\u00e7\u00e3o do modelo <em>plan-do-check-act<\/em> (PDCA), para que ajudem as PME a implementar e monitorizar um plano de a\u00e7\u00e3o estrat\u00e9gico de sustentabilidade.<\/li>\n<li><u>Unidade 6: alcan\u00e7ando a sustentabilidade<\/u><br \/>\nAuxiliar os profissionais do EFP na elabora\u00e7\u00e3o de relat\u00f3rios e na dissemina\u00e7\u00e3o das iniciativas implementadas em mat\u00e9ria de sustentabilidade bem como do respetivo impacte.<\/li>\n<\/ul>\n<p>&nbsp;<\/p>\n<a href=\"https:\/\/smegreenskillshub.eu\/virtualcampus_pt\/wp-content\/uploads\/2023\/02\/SME-GS-HUB_IO2_Training_Modules_PT.pdf\" class=\"pdfemb-viewer\" style=\"width: 750px; \" data-width=\"750\" data-height=\"max\"  data-toolbar=\"both\" data-toolbar-fixed=\"off\">SME-GS-HUB_IO2_Training_Modules_PT<br\/><\/a>\n<p>&nbsp;<\/p>\n<p><a href=\"https:\/\/smegreenskillshub.eu\/virtualcampus_pt\/wp-content\/uploads\/2023\/02\/SME-GS-HUB_IO2_Training_Modules_PT.pdf\" target=\"_blank\" rel=\"noopener\">Fazer o<em> download<\/em> dos m\u00f3dulos formativos<\/a><\/p>\n<p>&nbsp;<\/p>\n","protected":false},"excerpt":{"rendered":"<p>Os m\u00f3dulos formativos do SME Green Skills HUB foram concebidos como ferramenta did\u00e1tica que visa facilitar aos formadores o desenvolvimento de atividades de forma\u00e7\u00e3o sobre a implementa\u00e7\u00e3o dos ODS nas &hellip; <\/p>\n","protected":false},"author":1,"featured_media":0,"parent":0,"menu_order":0,"comment_status":"closed","ping_status":"closed","template":"","meta":[],"acf":[],"_links":{"self":[{"href":"https:\/\/smegreenskillshub.eu\/virtualcampus_pt\/wp-json\/wp\/v2\/pages\/795"}],"collection":[{"href":"https:\/\/smegreenskillshub.eu\/virtualcampus_pt\/wp-json\/wp\/v2\/pages"}],"about":[{"href":"https:\/\/smegreenskillshub.eu\/virtualcampus_pt\/wp-json\/wp\/v2\/types\/page"}],"author":[{"embeddable":true,"href":"https:\/\/smegreenskillshub.eu\/virtualcampus_pt\/wp-json\/wp\/v2\/users\/1"}],"replies":[{"embeddable":true,"href":"https:\/\/smegreenskillshub.eu\/virtualcampus_pt\/wp-json\/wp\/v2\/comments?post=795"}],"version-history":[{"count":15,"href":"https:\/\/smegreenskillshub.eu\/virtualcampus_pt\/wp-json\/wp\/v2\/pages\/795\/revisions"}],"predecessor-version":[{"id":1966,"href":"https:\/\/smegreenskillshub.eu\/virtualcampus_pt\/wp-json\/wp\/v2\/pages\/795\/revisions\/1966"}],"wp:attachment":[{"href":"https:\/\/smegreenskillshub.eu\/virtualcampus_pt\/wp-json\/wp\/v2\/media?parent=795"}],"curies":[{"name":"wp","href":"https:\/\/api.w.org\/{rel}","templated":true}]}}