{"id":10,"date":"2021-09-20T17:07:35","date_gmt":"2021-09-20T17:07:35","guid":{"rendered":"https:\/\/smegreenskillshub.eu\/virtualcampus_tr\/?page_id=10"},"modified":"2023-10-27T22:12:23","modified_gmt":"2023-10-27T22:12:23","slug":"home","status":"publish","type":"page","link":"https:\/\/smegreenskillshub.eu\/virtualcampus_tr\/","title":{"rendered":"Sanal KAMP\u00dcS"},"content":{"rendered":"\t\t<div data-elementor-type=\"wp-page\" data-elementor-id=\"10\" class=\"elementor elementor-10\">\n\t\t\t\t\t\t\t\t\t<section class=\"elementor-section elementor-top-section elementor-element elementor-element-bb01151 elementor-section-boxed elementor-section-height-default elementor-section-height-default\" data-id=\"bb01151\" data-element_type=\"section\" data-settings=\"{&quot;background_background&quot;:&quot;classic&quot;}\">\n\t\t\t\t\t\t<div class=\"elementor-container elementor-column-gap-default\">\n\t\t\t\t\t<div class=\"elementor-column elementor-col-100 elementor-top-column elementor-element elementor-element-1446a1b\" data-id=\"1446a1b\" data-element_type=\"column\">\n\t\t\t<div class=\"elementor-widget-wrap elementor-element-populated\">\n\t\t\t\t\t\t\t\t<div class=\"elementor-element elementor-element-0db8ce5 elementor-widget elementor-widget-heading\" data-id=\"0db8ce5\" data-element_type=\"widget\" data-widget_type=\"heading.default\">\n\t\t\t\t<div class=\"elementor-widget-container\">\n\t\t\t<style>\/*! elementor - v3.10.2 - 29-01-2023 *\/\n.elementor-heading-title{padding:0;margin:0;line-height:1}.elementor-widget-heading .elementor-heading-title[class*=elementor-size-]>a{color:inherit;font-size:inherit;line-height:inherit}.elementor-widget-heading .elementor-heading-title.elementor-size-small{font-size:15px}.elementor-widget-heading .elementor-heading-title.elementor-size-medium{font-size:19px}.elementor-widget-heading .elementor-heading-title.elementor-size-large{font-size:29px}.elementor-widget-heading .elementor-heading-title.elementor-size-xl{font-size:39px}.elementor-widget-heading .elementor-heading-title.elementor-size-xxl{font-size:59px}<\/style><h1 class=\"elementor-heading-title elementor-size-default\">SANAL KAMP\u00dcS<\/h1>\t\t<\/div>\n\t\t\t\t<\/div>\n\t\t\t\t<div class=\"elementor-element elementor-element-fd920c6 elementor-widget elementor-widget-heading\" data-id=\"fd920c6\" data-element_type=\"widget\" data-widget_type=\"heading.default\">\n\t\t\t\t<div class=\"elementor-widget-container\">\n\t\t\t<h2 class=\"elementor-heading-title elementor-size-default\">SME Green Skills HUB<\/h2>\t\t<\/div>\n\t\t\t\t<\/div>\n\t\t\t\t\t<\/div>\n\t\t<\/div>\n\t\t\t\t\t\t\t<\/div>\n\t\t<\/section>\n\t\t\t\t<section class=\"elementor-section elementor-top-section elementor-element elementor-element-9564614 elementor-section-boxed elementor-section-height-default elementor-section-height-default\" data-id=\"9564614\" data-element_type=\"section\">\n\t\t\t\t\t\t<div class=\"elementor-container elementor-column-gap-default\">\n\t\t\t\t\t<div class=\"elementor-column elementor-col-100 elementor-top-column elementor-element elementor-element-ebabe7b\" data-id=\"ebabe7b\" data-element_type=\"column\">\n\t\t\t<div class=\"elementor-widget-wrap elementor-element-populated\">\n\t\t\t\t\t\t\t\t<div class=\"elementor-element elementor-element-43ea05a elementor-widget elementor-widget-text-editor\" data-id=\"43ea05a\" data-element_type=\"widget\" data-widget_type=\"text-editor.default\">\n\t\t\t\t<div class=\"elementor-widget-container\">\n\t\t\t<style>\/*! elementor - v3.10.2 - 29-01-2023 *\/\n.elementor-widget-text-editor.elementor-drop-cap-view-stacked .elementor-drop-cap{background-color:#818a91;color:#fff}.elementor-widget-text-editor.elementor-drop-cap-view-framed .elementor-drop-cap{color:#818a91;border:3px solid;background-color:transparent}.elementor-widget-text-editor:not(.elementor-drop-cap-view-default) .elementor-drop-cap{margin-top:8px}.elementor-widget-text-editor:not(.elementor-drop-cap-view-default) .elementor-drop-cap-letter{width:1em;height:1em}.elementor-widget-text-editor .elementor-drop-cap{float:left;text-align:center;line-height:1;font-size:50px}.elementor-widget-text-editor .elementor-drop-cap-letter{display:inline-block}<\/style>\t\t\t\t<p><strong>SME GREEN SKILLS HUB (KOB\u0130LER \u0130\u00c7\u0130N YE\u015e\u0130L BECER\u0130 MERKEZ\u0130) <\/strong>projesi kapsam\u0131nda olu\u015fturulan Sanal Kamp\u00fcs, <strong>Mesleki E\u011fitim ve \u00d6\u011fretim <\/strong>(ME\u00d6) yoluyla <strong>K\u00fc\u00e7\u00fck ve Orta \u00d6l\u00e7ekli \u0130\u015fletmelerde <\/strong>(KOB\u0130&#8217;ler) <strong>S\u00fcrd\u00fcr\u00fclebilir Kalk\u0131nma Hedeflerinin <\/strong>(SKH&#8217;ler) uygulanmas\u0131n\u0131 desteklemek i\u00e7in e\u011fitim i\u00e7erikleri ve etkinlikler sunan \u00e7evrimi\u00e7i \u00e7ok dilli bir dijital platformdur .<\/p><p>Sanal Kamp\u00fcs, Avrupa KOB\u0130&#8217;lerinin <strong>y\u00f6neticilerini ve personelini <\/strong>daha s\u00fcrd\u00fcr\u00fclebilir bir d\u00fcnyaya ula\u015fabilmek ad\u0131na mevcut faaliyetlerini s\u00fcrd\u00fcr\u00fclebilir hale getirmelerini desteklemek \u00fczere <strong>Mesleki E\u011fitim ve \u00d6\u011fretim \u00f6\u011fretmenlerinin, dan\u0131\u015fmanlar\u0131n ve \u015firket i\u00e7i e\u011fitmenlerin becerilerini art\u0131rmay\u0131 ama\u00e7lamaktad\u0131r.<\/strong><\/p><p><strong>SME GREEN SKILLS HUB <\/strong>Sanal Kamp\u00fcs\u00fc \u0130ngilizce, \u0130talyanca, Portekizce, \u0130spanyolca ve T\u00fcrk\u00e7e dillerinde mevcuttur. Kamp\u00fcs, projenin a\u015fa\u011f\u0131daki ana bile\u015fenine eri\u015fim sa\u011flar:<\/p><ul><li>Mesleki E\u011fitim ve \u00d6\u011fretim \u00f6\u011fretmenlerinin, dan\u0131\u015fmanlar\u0131n ve \u015firket i\u00e7i e\u011fitmenlerin dijital becerilerini geli\u015ftirmek ve sanal \u00f6\u011frenme ortamlar\u0131yla etkile\u015fimlerini kolayla\u015ft\u0131rmak i\u00e7in tasarlanm\u0131\u015f <a href=\"https:\/\/smegreenskillshub.eu\/virtualcampus_tr\/online-instructional-guide\/\"><strong>Sanal \u00d6\u011frenmeye Y\u00f6nelik Dijital Yeterlilikler \u00dczerine<\/strong> <strong>\u00c7evrim i\u00e7i E\u011fitim K\u0131lavuzu<\/strong><\/a> \u00fccretsiz olarak PDF versiyonu olarak indirilebilir<\/li><li><a href=\"https:\/\/smegreenskillshub.eu\/virtualcampus_tr\/training-modules\/\"><strong>E\u011fitim Mod\u00fclleri<\/strong><\/a>, Mesleki E\u011fitim ve \u00d6\u011fretim yoluyla KOB\u0130&#8217;lerde SKH&#8217;lerin uygulanmas\u0131n\u0131 desteklemeye y\u00f6nelik yap\u0131land\u0131r\u0131lm\u0131\u015f bir dizi yenilik\u00e7i e\u011fitim i\u00e7eri\u011fi ve uygulamal\u0131 faaliyetler i\u00e7ermektedir. E\u011fitim Mod\u00fclleri PDF format\u0131nda \u00fccretsiz olarak indirilebilir<\/li><li>Proje kapsam\u0131nda geli\u015ftirilen di\u011fer \u00fcr\u00fcn de <a href=\"https:\/\/smegreenskillshub.eu\/virtualcampus_tr\/vooc\/\"><strong>Mesleki A\u00e7\u0131k \u00c7evrimi\u00e7i Kurslard\u0131r<\/strong><\/a>. Kurslar, Mesleki E\u011fitim ve \u00d6\u011fretim \u00f6\u011fretmenlerini, dan\u0131\u015fmanlar\u0131 ve \u015firket i\u00e7i e\u011fitmenlerine Avrupa Yeterlilikler \u00c7er\u00e7evesi temelinde geli\u015ftirilen SKH&#8217;lerin KOB\u0130&#8217;lerde uygulanmas\u0131n\u0131 desteklemek i\u00e7in tasarlanm\u0131\u015f \u00f6\u011frenme materyallerini kapsar. Sadece kay\u0131t olup giri\u015f yaparak kurslara \u00fccretsiz olarak eri\u015febilirsiniz<\/li><li><a href=\"https:\/\/smegreenskillshub.eu\/virtualcampus_tr\/oyunlastirma-el-kitabi\/\"><strong>Oyunla\u015ft\u0131rma El Kitab\u0131<\/strong><\/a> SKH\u2019lerin KOB\u0130&#8217;lerde uygulanmas\u0131na y\u00f6nelik tavsiyeler, \u00f6rnekler ve iyi uygulamalar sunmakta olup Sanal Kamp\u00fcs&#8217;ten ula\u015f\u0131labilir. K\u0131lavuz ayn\u0131 zamanda s\u00fcrd\u00fcr\u00fclebilirli\u011fin daha iyi uygulanmas\u0131 i\u00e7in Mesleki E\u011fitim ve \u00d6\u011fretimde oyunla\u015ft\u0131rma yakla\u015f\u0131m\u0131n\u0131n sundu\u011fu avantajlar hakk\u0131nda bilgiler sunmaktad\u0131r.<\/li><li>KOB\u0130&#8217;lerde SKH\u2019lerin uygulanmas\u0131n\u0131 desteklemek i\u00e7in Mesleki E\u011fitim ve \u00d6\u011fretim \u00f6\u011fretmenleri, dan\u0131\u015fmanlar\u0131 ve \u015firket i\u00e7i e\u011fitmenlerinin yeterlilik d\u00fczeylerini ve ilgili e\u011fitim gereksinimlerini belirlemek i\u00e7in kullan\u0131labilen \u00e7evrimi\u00e7i bir de\u011ferlendirme arac\u0131 olan <a href=\"https:\/\/smegreenskillshub.eu\/virtualcampus_tr\/assessment-app\/\"><strong>De\u011ferlendirme Uygulamas\u0131<\/strong><\/a><\/li><\/ul><p><strong>Bu materyaller nas\u0131l bir fayda sa\u011flamaktad\u0131r ?<\/strong><\/p><p>Sanal Kamp\u00fcste yer alan e\u011fitim e\u011fitim i\u00e7erikleri ve etkinlikler, Mesleki E\u011fitim ve \u00d6\u011fretim yoluyla KOB\u0130&#8217;lerde S\u00fcrd\u00fcr\u00fclebilir Kalk\u0131nma Hedeflerinin uygulanmas\u0131n\u0131n nas\u0131l desteklenece\u011fine dair gerekli bilgiler sunmaktad\u0131r. E\u011fitim mod\u00fclleri, hem \u00e7evrim i\u00e7i olarak hem de y\u00fczy\u00fcze s\u0131n\u0131f ortamlar\u0131nda ME\u00d6 \u00f6\u011frencileri ve KOB\u0130 personeli ile uygulanabilecek faaliyetler i\u00e7erir. <strong>Mesleki A\u00e7\u0131k \u00c7evrimi\u00e7i Kurslar<\/strong>, KOB\u0130&#8217;leri daha s\u00fcrd\u00fcr\u00fclebilir hale getirme konusunda yenilik\u00e7i faaliyetlere y\u00f6nlendirmeye ve onlar\u0131 bu s\u00fcrd\u00fcr\u00fclebilirlik s\u00fcrecine dahil etme konusunda bilgi ve anlay\u0131\u015f geli\u015ftirmeye yard\u0131mc\u0131 olmak i\u00e7in tasarlanm\u0131\u015ft\u0131r.<\/p><p><strong>De\u011ferlendirme Uygulamas\u0131n\u0131n amac\u0131 nedir?<\/strong><\/p><p>De\u011ferlendirme Uygulamas\u0131, Mesleki E\u011fitim ve \u00d6\u011fretim \u00f6\u011fretmenleri, dan\u0131\u015fmanlar\u0131 ve \u015firket i\u00e7i e\u011fitmenlerinin KOB\u0130&#8217;lerde SKH\u2019lerin uygulanmas\u0131n\u0131 destekleme konusundaki mevcut yeterlilik d\u00fczeylerini de\u011ferlendirmelerine olanak tan\u0131r. Uygulama beceriler konusunda kullan\u0131c\u0131lara geri bildirim sa\u011flayacak ve hangi kurslar\u0131n faydal\u0131 olabilece\u011fi konusunda \u00f6neriler i\u00e7erecektir. Ayr\u0131ca i\u015f d\u00fcnyas\u0131nda s\u00fcrd\u00fcr\u00fclebilirlik alan\u0131nda, kullan\u0131c\u0131lar\u0131n bilgi, anlay\u0131\u015f ve deneyimleri art\u0131rmak i\u00e7in bir dizi \u00f6neriler sunan bir &#8220;\u0130yile\u015ftirme Plan\u0131&#8221; i\u00e7erir.<\/p>\t\t\t\t\t\t<\/div>\n\t\t\t\t<\/div>\n\t\t\t\t\t<\/div>\n\t\t<\/div>\n\t\t\t\t\t\t\t<\/div>\n\t\t<\/section>\n\t\t\t\t\t\t\t<\/div>\n\t\t","protected":false},"excerpt":{"rendered":"<p>SANAL KAMP\u00dcS SME Green Skills HUB SME GREEN SKILLS HUB (KOB\u0130LER \u0130\u00c7\u0130N YE\u015e\u0130L BECER\u0130 MERKEZ\u0130) projesi kapsam\u0131nda olu\u015fturulan Sanal Kamp\u00fcs, Mesleki E\u011fitim ve \u00d6\u011fretim (ME\u00d6) yoluyla K\u00fc\u00e7\u00fck ve Orta \u00d6l\u00e7ekli &hellip; <\/p>\n","protected":false},"author":1,"featured_media":0,"parent":0,"menu_order":0,"comment_status":"closed","ping_status":"closed","template":"elementor_header_footer","meta":[],"acf":[],"_links":{"self":[{"href":"https:\/\/smegreenskillshub.eu\/virtualcampus_tr\/wp-json\/wp\/v2\/pages\/10"}],"collection":[{"href":"https:\/\/smegreenskillshub.eu\/virtualcampus_tr\/wp-json\/wp\/v2\/pages"}],"about":[{"href":"https:\/\/smegreenskillshub.eu\/virtualcampus_tr\/wp-json\/wp\/v2\/types\/page"}],"author":[{"embeddable":true,"href":"https:\/\/smegreenskillshub.eu\/virtualcampus_tr\/wp-json\/wp\/v2\/users\/1"}],"replies":[{"embeddable":true,"href":"https:\/\/smegreenskillshub.eu\/virtualcampus_tr\/wp-json\/wp\/v2\/comments?post=10"}],"version-history":[{"count":88,"href":"https:\/\/smegreenskillshub.eu\/virtualcampus_tr\/wp-json\/wp\/v2\/pages\/10\/revisions"}],"predecessor-version":[{"id":1936,"href":"https:\/\/smegreenskillshub.eu\/virtualcampus_tr\/wp-json\/wp\/v2\/pages\/10\/revisions\/1936"}],"wp:attachment":[{"href":"https:\/\/smegreenskillshub.eu\/virtualcampus_tr\/wp-json\/wp\/v2\/media?parent=10"}],"curies":[{"name":"wp","href":"https:\/\/api.w.org\/{rel}","templated":true}]}}