{"id":1931,"date":"2023-10-27T22:09:50","date_gmt":"2023-10-27T22:09:50","guid":{"rendered":"https:\/\/smegreenskillshub.eu\/virtualcampus_tr\/?page_id=1931"},"modified":"2023-10-27T22:39:03","modified_gmt":"2023-10-27T22:39:03","slug":"oyunlastirma-el-kitabi","status":"publish","type":"page","link":"https:\/\/smegreenskillshub.eu\/virtualcampus_tr\/oyunlastirma-el-kitabi\/","title":{"rendered":"Oyunla\u015ft\u0131rma El Kitab\u0131"},"content":{"rendered":"<p>SKH\u2019lerin KOB\u0130&#8217;lerde uygulanmas\u0131na y\u00f6nelik olarak haz\u0131rlanan <strong>Oyunla\u015ft\u0131rma El Kitab\u0131<\/strong>, KOB\u0130 personelinin becerilerini geli\u015ftirmek ad\u0131na Mesleki E\u011fitim ve \u00d6\u011fretimde Oyunla\u015ft\u0131rma yakla\u015f\u0131m\u0131n\u0131n sundu\u011fu avantajlar hakk\u0131nda tavsiyeler, \u00f6rnekler ve iyi uygulamalar sunmaktad\u0131r.<\/p>\n<p>El Kitab\u0131 a\u015fa\u011f\u0131daki i\u00e7eriklerden olu\u015fmaktad\u0131r:<\/p>\n<ol>\n<li>Mesleki E\u011fitim Ve \u00d6\u011fretimde Oyunla\u015ft\u0131rma<\/li>\n<li>KOB\u0130&#8217;lerde SKH\u2019lerin Mesleki E\u011fitim Ve \u00d6\u011fretim Arac\u0131l\u0131\u011f\u0131yla Uygulanmas\u0131 \u0130\u00e7in Oyunla\u015ft\u0131rman\u0131n Kullan\u0131m\u0131<\/li>\n<li>\u015eirket \u0130\u00e7i E\u011fitimlerde Oyunla\u015ft\u0131rma Kullan\u0131m\u0131<\/li>\n<li>SME Green Skills HUB Projesi E\u011fitim Materyallerinde Oyunla\u015ft\u0131rma<\/li>\n<li>\u0130yi Uygulamalar<\/li>\n<\/ol>\n<p>&nbsp;<\/p>\n<a href=\"https:\/\/smegreenskillshub.eu\/virtualcampus_tr\/wp-content\/uploads\/2023\/10\/SME-GS-HUB_IO2_Gamification_Handbook_EN.pdf\" class=\"pdfemb-viewer\" style=\"width: 750px; \" data-width=\"750\" data-height=\"max\"  data-toolbar=\"both\" data-toolbar-fixed=\"off\">SME-GS-HUB_IO2_Gamification_Handbook_EN<br\/><\/a>\n<p>&nbsp;<\/p>\n<p><a href=\"https:\/\/smegreenskillshub.eu\/virtualcampus_tr\/wp-content\/uploads\/2023\/10\/SME-GS-HUB_IO2_Gamification_Handbook_EN.pdf\" target=\"_blank\" rel=\"noopener\">Oyunla\u015ft\u0131rma El Kitab\u0131\u2019n\u0131 buradan indirebilirsiniz<\/a><\/p>\n","protected":false},"excerpt":{"rendered":"<p>SKH\u2019lerin KOB\u0130&#8217;lerde uygulanmas\u0131na y\u00f6nelik olarak haz\u0131rlanan Oyunla\u015ft\u0131rma El Kitab\u0131, KOB\u0130 personelinin becerilerini geli\u015ftirmek ad\u0131na Mesleki E\u011fitim ve \u00d6\u011fretimde Oyunla\u015ft\u0131rma yakla\u015f\u0131m\u0131n\u0131n sundu\u011fu avantajlar hakk\u0131nda tavsiyeler, \u00f6rnekler ve iyi uygulamalar sunmaktad\u0131r. El &hellip; <\/p>\n","protected":false},"author":1,"featured_media":0,"parent":0,"menu_order":0,"comment_status":"closed","ping_status":"closed","template":"","meta":[],"acf":[],"_links":{"self":[{"href":"https:\/\/smegreenskillshub.eu\/virtualcampus_tr\/wp-json\/wp\/v2\/pages\/1931"}],"collection":[{"href":"https:\/\/smegreenskillshub.eu\/virtualcampus_tr\/wp-json\/wp\/v2\/pages"}],"about":[{"href":"https:\/\/smegreenskillshub.eu\/virtualcampus_tr\/wp-json\/wp\/v2\/types\/page"}],"author":[{"embeddable":true,"href":"https:\/\/smegreenskillshub.eu\/virtualcampus_tr\/wp-json\/wp\/v2\/users\/1"}],"replies":[{"embeddable":true,"href":"https:\/\/smegreenskillshub.eu\/virtualcampus_tr\/wp-json\/wp\/v2\/comments?post=1931"}],"version-history":[{"count":2,"href":"https:\/\/smegreenskillshub.eu\/virtualcampus_tr\/wp-json\/wp\/v2\/pages\/1931\/revisions"}],"predecessor-version":[{"id":1938,"href":"https:\/\/smegreenskillshub.eu\/virtualcampus_tr\/wp-json\/wp\/v2\/pages\/1931\/revisions\/1938"}],"wp:attachment":[{"href":"https:\/\/smegreenskillshub.eu\/virtualcampus_tr\/wp-json\/wp\/v2\/media?parent=1931"}],"curies":[{"name":"wp","href":"https:\/\/api.w.org\/{rel}","templated":true}]}}