{"id":27,"date":"2021-09-20T18:45:57","date_gmt":"2021-09-20T18:45:57","guid":{"rendered":"https:\/\/smegreenskillshub.eu\/virtualcampus_tr\/mi-profile\/"},"modified":"2026-04-19T13:38:34","modified_gmt":"2026-04-19T13:38:34","slug":"mi-profile","status":"publish","type":"page","link":"https:\/\/smegreenskillshub.eu\/virtualcampus_tr\/mi-profile\/","title":{"rendered":"Benim profilim"},"content":{"rendered":"<div class=\"learnpress\">\n<div id=\"learn-press-profile\"  class=\"lp-user-profile guest no-bio-user\">\n\t\n\t\t\n\t\t <div class=\"lp-content-area\">\n\t\t\t\n\n\t\t\t\t\t\t\t\t\t<div class=\"learn-press-message success\" >\n\t\t\t\t<i class=\"fa\"><\/i>Profil i\u00e7eri\u011finizi g\u00f6rmek i\u00e7in l\u00fctfen <a href=\"https:\/\/smegreenskillshub.eu\/virtualcampus_tr\/login\/?redirect_to=https%3A%2F%2F\">giri\u015f yap\u0131n<\/a>\t\t\t<\/div>\n\n\t\t\n\t\n\t\t<\/div>\n\t\n\t<\/div>\n<\/div>\n","protected":false},"excerpt":{"rendered":"","protected":false},"author":1,"featured_media":0,"parent":0,"menu_order":0,"comment_status":"closed","ping_status":"closed","template":"","meta":[],"acf":[],"_links":{"self":[{"href":"https:\/\/smegreenskillshub.eu\/virtualcampus_tr\/wp-json\/wp\/v2\/pages\/27"}],"collection":[{"href":"https:\/\/smegreenskillshub.eu\/virtualcampus_tr\/wp-json\/wp\/v2\/pages"}],"about":[{"href":"https:\/\/smegreenskillshub.eu\/virtualcampus_tr\/wp-json\/wp\/v2\/types\/page"}],"author":[{"embeddable":true,"href":"https:\/\/smegreenskillshub.eu\/virtualcampus_tr\/wp-json\/wp\/v2\/users\/1"}],"replies":[{"embeddable":true,"href":"https:\/\/smegreenskillshub.eu\/virtualcampus_tr\/wp-json\/wp\/v2\/comments?post=27"}],"version-history":[{"count":3,"href":"https:\/\/smegreenskillshub.eu\/virtualcampus_tr\/wp-json\/wp\/v2\/pages\/27\/revisions"}],"predecessor-version":[{"id":1668,"href":"https:\/\/smegreenskillshub.eu\/virtualcampus_tr\/wp-json\/wp\/v2\/pages\/27\/revisions\/1668"}],"wp:attachment":[{"href":"https:\/\/smegreenskillshub.eu\/virtualcampus_tr\/wp-json\/wp\/v2\/media?parent=27"}],"curies":[{"name":"wp","href":"https:\/\/api.w.org\/{rel}","templated":true}]}}