{"id":793,"date":"2022-05-16T11:25:20","date_gmt":"2022-05-16T11:25:20","guid":{"rendered":"https:\/\/smegreenskillshub.eu\/virtualcampus_tr\/?page_id=793"},"modified":"2023-02-04T10:28:59","modified_gmt":"2023-02-04T10:28:59","slug":"online-instructional-guide","status":"publish","type":"page","link":"https:\/\/smegreenskillshub.eu\/virtualcampus_tr\/online-instructional-guide\/","title":{"rendered":"\u00d6\u011eRETI\u0307M REHBERI\u0307"},"content":{"rendered":"<p>Bu k\u0131lavuz, Mesleki E\u011fitim ve \u00d6\u011fretim \u00f6\u011fretmenleri, dan\u0131\u015fmanlar\u0131 ve \u015firket i\u00e7i e\u011fitmenlerinin dijital becerilerini geli\u015ftirmeyi ve sanal \u00f6\u011frenme ortamlar\u0131ndaki etkile\u015fimlerini kolayla\u015ft\u0131rmay\u0131 ama\u00e7lamaktad\u0131r . Bir e-\u00d6\u011frenme i\u00e7eri\u011finin nas\u0131l olu\u015fturulaca\u011f\u0131 ve sunulaca\u011f\u0131 konusunda bu konuda\u00f6nceden bilgisi olmayan ki\u015filer dahil herkes i\u00e7in basit ve uygulamas\u0131 kolay bir k\u0131lavuzdur.<\/p>\n<p>e-\u00d6\u011frenme di\u011fer y\u00f6ntemlere k\u0131yasla; \u00f6\u011frenici ve \u00f6\u011fretmenin ki\u015fisel takvimine ve \u00e7al\u0131\u015fma ko\u015fullar\u0131na uyarlanabilme, zaman ve mekan konusunda esneklik, daha d\u00fc\u015f\u00fck maliyet, daha geni\u015f kitlelere eri\u015fim, farkl\u0131 dil se\u00e7enekleri, bireylerinin kendi h\u0131z\u0131nda \u00f6\u011frenmesi gibi alanlarda hem \u00f6\u011frenicilere hem de e\u011fitim sa\u011flay\u0131c\u0131lara \u00e7ok say\u0131da fayda sa\u011flamaktad\u0131r.<\/p>\n<p>Bu k\u0131lavuz, bir e-\u00f6\u011frenme kursunun tasar\u0131m\u0131, geli\u015ftirilmesi ve sunulmas\u0131 i\u00e7in <strong>alt\u0131 ad\u0131ml\u0131k bir s\u00fcreci a\u00e7\u0131klamaktad\u0131r:<\/strong><\/p>\n<ol>\n<li>Kursun hedeflerini ve yap\u0131s\u0131n\u0131 belirleme<\/li>\n<li>Gerekli kaynaklar\u0131 belirleme<\/li>\n<li>I\u00e7erik geli\u015ftirme<\/li>\n<li>\u00dcnite sonu de\u011ferlendirmeler ekleme<\/li>\n<li>Kurs i\u00e7eri\u011fini e-\u00d6\u011frenim platformuna y\u00fckleme<\/li>\n<li>Kurs hizmetlerine eri\u015fim ve de\u011ferlendirme<\/li>\n<\/ol>\n<p>&nbsp;<\/p>\n<a href=\"https:\/\/smegreenskillshub.eu\/virtualcampus_tr\/wp-content\/uploads\/2023\/02\/SME-Green-Skills-HUB_IO2_Online_Instructional_Guide_TR.pdf\" class=\"pdfemb-viewer\" style=\"width: 750px; \" data-width=\"750\" data-height=\"max\"  data-toolbar=\"both\" data-toolbar-fixed=\"off\">SME-Green-Skills-HUB_IO2_Online_Instructional_Guide_TR<br\/><\/a>\n<p>&nbsp;<\/p>\n<p><a href=\"https:\/\/smegreenskillshub.eu\/virtualcampus_tr\/wp-content\/uploads\/2023\/02\/SME-Green-Skills-HUB_IO2_Online_Instructional_Guide_TR.pdf\" target=\"_blank\" rel=\"noopener\">\u00c7evrim i\u00e7i E\u011fitim K\u0131lavuzu\u2019nu indirin<\/a><\/p>\n<p>&nbsp;<\/p>\n<p>&nbsp;<\/p>\n","protected":false},"excerpt":{"rendered":"<p>Bu k\u0131lavuz, Mesleki E\u011fitim ve \u00d6\u011fretim \u00f6\u011fretmenleri, dan\u0131\u015fmanlar\u0131 ve \u015firket i\u00e7i e\u011fitmenlerinin dijital becerilerini geli\u015ftirmeyi ve sanal \u00f6\u011frenme ortamlar\u0131ndaki etkile\u015fimlerini kolayla\u015ft\u0131rmay\u0131 ama\u00e7lamaktad\u0131r . Bir e-\u00d6\u011frenme i\u00e7eri\u011finin nas\u0131l olu\u015fturulaca\u011f\u0131 ve sunulaca\u011f\u0131 &hellip; <\/p>\n","protected":false},"author":1,"featured_media":0,"parent":0,"menu_order":0,"comment_status":"closed","ping_status":"closed","template":"","meta":[],"acf":[],"_links":{"self":[{"href":"https:\/\/smegreenskillshub.eu\/virtualcampus_tr\/wp-json\/wp\/v2\/pages\/793"}],"collection":[{"href":"https:\/\/smegreenskillshub.eu\/virtualcampus_tr\/wp-json\/wp\/v2\/pages"}],"about":[{"href":"https:\/\/smegreenskillshub.eu\/virtualcampus_tr\/wp-json\/wp\/v2\/types\/page"}],"author":[{"embeddable":true,"href":"https:\/\/smegreenskillshub.eu\/virtualcampus_tr\/wp-json\/wp\/v2\/users\/1"}],"replies":[{"embeddable":true,"href":"https:\/\/smegreenskillshub.eu\/virtualcampus_tr\/wp-json\/wp\/v2\/comments?post=793"}],"version-history":[{"count":14,"href":"https:\/\/smegreenskillshub.eu\/virtualcampus_tr\/wp-json\/wp\/v2\/pages\/793\/revisions"}],"predecessor-version":[{"id":1680,"href":"https:\/\/smegreenskillshub.eu\/virtualcampus_tr\/wp-json\/wp\/v2\/pages\/793\/revisions\/1680"}],"wp:attachment":[{"href":"https:\/\/smegreenskillshub.eu\/virtualcampus_tr\/wp-json\/wp\/v2\/media?parent=793"}],"curies":[{"name":"wp","href":"https:\/\/api.w.org\/{rel}","templated":true}]}}