{"id":795,"date":"2022-05-16T11:26:52","date_gmt":"2022-05-16T11:26:52","guid":{"rendered":"https:\/\/smegreenskillshub.eu\/virtualcampus_tr\/?page_id=795"},"modified":"2023-02-04T10:35:39","modified_gmt":"2023-02-04T10:35:39","slug":"training-modules","status":"publish","type":"page","link":"https:\/\/smegreenskillshub.eu\/virtualcampus_tr\/training-modules\/","title":{"rendered":"E\u011eI\u0307TI\u0307M MOD\u00dcLLERI\u0307"},"content":{"rendered":"<p><strong>SME GREEN SKILLS HUB E\u011fitim Mod\u00fclleri <\/strong>, KOB\u0130&#8217;lerde SKH&#8217;lerin uygulanmas\u0131na ili\u015fkin e\u011fitim faaliyetlerinin geli\u015ftirilmesini kolayla\u015ft\u0131rmak i\u00e7in e\u011fitim sa\u011flay\u0131c\u0131lara y\u00f6nelik pedagojik bir ara\u00e7 olarak tasarlanm\u0131\u015ft\u0131r. \u00d6zellikle mesleki e\u011fitim \u00f6\u011fretmenlerine, dan\u0131\u015fmanlar\u0131na ve \u015firket i\u00e7i e\u011fitmenlerin kullan\u0131m\u0131na g\u00f6re d\u00fczenlenmi\u015ftir. Mod\u00fcller, KOB\u0130 personelinin, i\u015fletmelerinde SKH&#8217;lerin uygulanmas\u0131 konusunda desteklemek i\u00e7in becerilerini art\u0131rmaya yard\u0131mc\u0131 olacakt\u0131r.<\/p>\n<p><span style=\"font-weight: 400;\">E\u011fitim Mod\u00fclleri \u015funlar\u0131 i\u00e7erir<\/span><span style=\"font-weight: 400;\">:<\/span><\/p>\n<ul>\n<li><strong>E\u011fitim \u0130\u00e7erikleri<\/strong><br \/>\nE\u011fitim i\u00e7erikleri, mesleki e\u011fitim sa\u011flay\u0131c\u0131lar\u0131 ve \u015firket i\u00e7i e\u011fitmenler i\u00e7in bir dizi teorik bilgi, metodoloji, ileri okumalar i\u00e7in kaynaklar ve de\u011ferlendirme faaliyetleri i\u00e7in \u00f6neriler i\u00e7ermektedir.<\/li>\n<li><strong>Uygulamal\u0131 Faaliyetler<\/strong><br \/>\n<span style=\"font-weight: 400;\">Uygulamal\u0131 faaliyetler mesleki e\u011fitim sa\u011flay\u0131c\u0131lar\u0131 ve \u015firket i\u00e7i e\u011fitmenlere y\u00f6nelik olarak, e\u011fitim ortamlar\u0131nda uygulanmak \u00fczere SKH\u2019lerin KOB\u0130&#8217;lerde uygulanmas\u0131 konusunda bir dizi faaliyetler i\u00e7ermektedir.<\/span><\/li>\n<\/ul>\n<p><span style=\"font-weight: 400;\">E\u011fitim mod\u00fcllerindeki i\u00e7erikler, Avrupa Yeterlilikler \u00c7er\u00e7evesinde tan\u0131mlanan \u00f6\u011frenme \u00e7\u0131kt\u0131lar\u0131na y\u00f6nelik olarak 6 \u00fcnite halinde tasarlanm\u0131\u015ft\u0131r. Bu \u00fcniteler:<\/span><\/p>\n<ul>\n<li><u>\u00dcnite 1: \u0130\u015f d\u00fcnyas\u0131nda SKH\u2019lere giri\u015f<\/u><br \/>\nSKH&#8217;lerin kapsaml\u0131 bir \u015fekilde anla\u015f\u0131lmas\u0131n\u0131 sa\u011flaman\u0131n yan\u0131 s\u0131ra, gelecek \u00fcnitelerin geli\u015ftirilmesi i\u00e7in gerekli arka plan\u0131 belirleyerek \u00fcnitelerin konuya dair hedefler sunmas\u0131n\u0131 ama\u00e7lamaktad\u0131r.<\/li>\n<li><u>\u00dcnite 2: KOB\u0130&#8217;lerde ye\u015fil becerilerin rol\u00fcn\u00fc anlama<\/u><br \/>\nBu \u00fcnite mesleki e\u011fitim sa\u011flay\u0131c\u0131lar\u0131n\u0131 ye\u015fil beceriler ve bunlarla ilgili yeni i\u015fletme modellerini tan\u0131malar\u0131 konusunda desteklemek, KOB\u0130&#8217;lerin SKH&#8217;lerin uygulanmas\u0131yla olan ilgilerini belirleyebilmek ama\u00e7lanmaktad\u0131r.<\/li>\n<li><u>\u00dcnite 3: S\u00fcrd\u00fcr\u00fclebilirlik \u00f6nceliklerinin tan\u0131mlama<\/u><br \/>\nBu \u00fcnite mesleki e\u011fitim sa\u011flay\u0131c\u0131lar\u0131na SKH&#8217;ler \u00e7er\u00e7evesinde i\u015f ihtiya\u00e7lar\u0131n\u0131 ve f\u0131rsatlar\u0131n\u0131 belirlemek i\u00e7in ara\u00e7lar ve stratejiler sa\u011flamay\u0131 hedeflemektedir.<\/li>\n<li><u>\u00dcnite 4: S\u00fcrd\u00fcr\u00fclebilirlik stratejileri ve eylem planlar\u0131 tasarlama<\/u><br \/>\nBu \u00fcnite mesleki e\u011fitim sa\u011flay\u0131c\u0131lar\u0131n\u0131, bir i\u015f ortam\u0131nda s\u00fcrd\u00fcr\u00fclebilirlik \u00f6nceliklerini somut stratejilere ve eylemlere d\u00f6n\u00fc\u015ft\u00fcrmede desteklemeyi ama\u00e7lamaktad\u0131r.<\/li>\n<li><u>\u00dcnite 5: PUKO d\u00f6ng\u00fcs\u00fcn\u00fcn uygulanmas\u0131<\/u><br \/>\nBu \u00fcnite Stratejik s\u00fcrd\u00fcr\u00fclebilirlik eylem plan\u0131n\u0131n uygulanmas\u0131n\u0131 ve izlenmesini desteklemek i\u00e7in bir planla-uygula-kontrol et-\u00f6nlem al (PUKO) d\u00f6ng\u00fcs\u00fc modelini uygulamada mesleki e\u011fitim sa\u011flay\u0131c\u0131lar\u0131n\u0131 desteklemeyi ama\u00e7lamaktad\u0131r.<\/li>\n<li><u>\u00dcnite 6: S\u00fcrd\u00fcr\u00fclebilirlik ba\u015far\u0131lar\u0131n\u0131 yayg\u0131nla\u015ft\u0131rma<\/u><br \/>\nBu \u00fcnite mesleki e\u011fitim sa\u011flay\u0131c\u0131lar\u0131n\u0131 s\u00fcrd\u00fcr\u00fclebilirlik giri\u015fimlerini ve bu konudaki faaliyetlerin raporlanmas\u0131n\u0131 ve sosyal medyada yayg\u0131nla\u015ft\u0131r\u0131lmas\u0131 konusunda desteklemeyi ama\u00e7lamaktad\u0131r.<\/li>\n<\/ul>\n<p>&nbsp;<\/p>\n<a href=\"https:\/\/smegreenskillshub.eu\/virtualcampus_tr\/wp-content\/uploads\/2023\/02\/SME-GS-HUB_IO2_Training_Modules_TR.pdf\" class=\"pdfemb-viewer\" style=\"width: 750px; \" data-width=\"750\" data-height=\"max\"  data-toolbar=\"both\" data-toolbar-fixed=\"off\">SME-GS-HUB_IO2_Training_Modules_TR<br\/><\/a>\n<p>&nbsp;<\/p>\n<p><a href=\"https:\/\/smegreenskillshub.eu\/virtualcampus_tr\/wp-content\/uploads\/2023\/02\/SME-GS-HUB_IO2_Training_Modules_TR.pdf\" target=\"_blank\" rel=\"noopener\">E\u011fitim Mod\u00fcllerini \u0130ndirin<\/a><\/p>\n<p>&nbsp;<\/p>\n","protected":false},"excerpt":{"rendered":"<p>SME GREEN SKILLS HUB E\u011fitim Mod\u00fclleri , KOB\u0130&#8217;lerde SKH&#8217;lerin uygulanmas\u0131na ili\u015fkin e\u011fitim faaliyetlerinin geli\u015ftirilmesini kolayla\u015ft\u0131rmak i\u00e7in e\u011fitim sa\u011flay\u0131c\u0131lara y\u00f6nelik pedagojik bir ara\u00e7 olarak tasarlanm\u0131\u015ft\u0131r. \u00d6zellikle mesleki e\u011fitim \u00f6\u011fretmenlerine, dan\u0131\u015fmanlar\u0131na ve &hellip; <\/p>\n","protected":false},"author":1,"featured_media":0,"parent":0,"menu_order":0,"comment_status":"closed","ping_status":"closed","template":"","meta":[],"acf":[],"_links":{"self":[{"href":"https:\/\/smegreenskillshub.eu\/virtualcampus_tr\/wp-json\/wp\/v2\/pages\/795"}],"collection":[{"href":"https:\/\/smegreenskillshub.eu\/virtualcampus_tr\/wp-json\/wp\/v2\/pages"}],"about":[{"href":"https:\/\/smegreenskillshub.eu\/virtualcampus_tr\/wp-json\/wp\/v2\/types\/page"}],"author":[{"embeddable":true,"href":"https:\/\/smegreenskillshub.eu\/virtualcampus_tr\/wp-json\/wp\/v2\/users\/1"}],"replies":[{"embeddable":true,"href":"https:\/\/smegreenskillshub.eu\/virtualcampus_tr\/wp-json\/wp\/v2\/comments?post=795"}],"version-history":[{"count":14,"href":"https:\/\/smegreenskillshub.eu\/virtualcampus_tr\/wp-json\/wp\/v2\/pages\/795\/revisions"}],"predecessor-version":[{"id":1682,"href":"https:\/\/smegreenskillshub.eu\/virtualcampus_tr\/wp-json\/wp\/v2\/pages\/795\/revisions\/1682"}],"wp:attachment":[{"href":"https:\/\/smegreenskillshub.eu\/virtualcampus_tr\/wp-json\/wp\/v2\/media?parent=795"}],"curies":[{"name":"wp","href":"https:\/\/api.w.org\/{rel}","templated":true}]}}